{"id":532,"date":"2023-06-16T12:12:29","date_gmt":"2023-06-16T10:12:29","guid":{"rendered":"https:\/\/onlyproject.org\/accueil\/"},"modified":"2025-05-24T04:46:17","modified_gmt":"2025-05-24T02:46:17","slug":"accueil","status":"publish","type":"page","link":"https:\/\/onlyproject.org\/fr\/","title":{"rendered":"Accueil"},"content":{"rendered":"\r\n<section id=\"ac-block_255347556cf312d07a8ac65dd3358f37\" class=\"block-page-title  \">\r\n\r\n    <div class=\"container\">\r\n        \r\n        <h1 class=\"title\"><span class=\"TextRun SCXW178662714 BCX0\" lang=\"FR-FR\" xml:lang=\"FR-FR\" data-contrast=\"none\"><span class=\"NormalTextRun SCXW178662714 BCX0\"><em>Acc\u00e9l\u00e9rer la recherche<\/em> sur la myopathie de Duchenne et les maladies g\u00e9n\u00e9tiques rares<\/span><\/span><\/h1>\r\n\r\n        \r\n    <\/div>\r\n    \r\n<\/section>\r\n\n\n\r\n\r\n<section id=\"ac-block_0c14fa6561fdbba36149b6af61d016f9\" class=\"block-slider\">\r\n\r\n    <div class=\"container\">\r\n        \r\n        <div class=\"ac-slider\">\r\n                            <div class=\"item\">\r\n                    <div class=\"image\">\r\n                        <div class=\"image-inner\">\r\n                            <img decoding=\"async\" src=\"https:\/\/onlyproject.org\/wp-content\/uploads\/2023\/06\/sldier-1.jpg\" alt=\"\" >                        <\/div>\r\n                    <\/div>\r\n                    \r\n                    <div class=\"content\">\r\n                        <h2 class=\"title\">D\u00e9couvrez les origines d&rsquo;une histoire unique<\/h2>\r\n                        <a href=\"https:\/\/onlyproject.org\/fr\/fonds-ressources\/\" class=\"button-white button\" target=\"\">En savoir plus<\/a>                    <\/div>\r\n                <\/div>\r\n                            <div class=\"item\">\r\n                    <div class=\"image\">\r\n                        <div class=\"image-inner\">\r\n                            <img decoding=\"async\" src=\"https:\/\/onlyproject.org\/wp-content\/uploads\/2023\/06\/slider-2.jpg\" alt=\"\" >                        <\/div>\r\n                    <\/div>\r\n                    \r\n                    <div class=\"content\">\r\n                        <h2 class=\"title\">Nous soutenons la recherche fondamentale et appliqu\u00e9e, et en particulier le d\u00e9veloppement de th\u00e9rapies<\/h2>\r\n                        <a href=\"https:\/\/onlyproject.org\/fr\/projets-communaute\/#travaux-soutenus\" class=\"button-white button\" target=\"\">En savoir plus<\/a>                    <\/div>\r\n                <\/div>\r\n                            <div class=\"item\">\r\n                    <div class=\"image\">\r\n                        <div class=\"image-inner\">\r\n                            <img decoding=\"async\" src=\"https:\/\/onlyproject.org\/wp-content\/uploads\/2023\/06\/photo-labo-ONLY-Fondation.png\" alt=\"\" >                        <\/div>\r\n                    <\/div>\r\n                    \r\n                    <div class=\"content\">\r\n                        <h2 class=\"title\">\u00c0 la rencontre de scientifiques et m\u00e9decins soutenus par l\u2019Association<\/h2>\r\n                        <a href=\"https:\/\/onlyproject.org\/fr\/projets-communaute\/#portraits-de-chercheurs\" class=\"button-white button\" target=\"\">En savoir plus<\/a>                    <\/div>\r\n                <\/div>\r\n                            <div class=\"item\">\r\n                    <div class=\"image\">\r\n                        <div class=\"image-inner\">\r\n                            <img decoding=\"async\" src=\"https:\/\/onlyproject.org\/wp-content\/uploads\/2025\/03\/louis-reed-pwcKF7L4-no-unsplash-scaled.jpg\" alt=\"\" >                        <\/div>\r\n                    <\/div>\r\n                    \r\n                    <div class=\"content\">\r\n                        <h2 class=\"title\">Only Project lance la Bourse des Pionniers qui propose un financement d\u00e9butant \u00e0 500 000 \u20ac par projet, pouvant atteindre jusqu\u2019\u00e0 2 millions d\u2019euros <\/h2>\r\n                        <a href=\"https:\/\/onlyproject.org\/fr\/only-project-lance-la-bourse-des-pionniers-et-pionnieres-un-pari-audacieux-pour-une-recherche-innovante-et-des-projets-a-grande-echelle\/\" class=\"button-white button\" target=\"\">En savoir plus<\/a>                    <\/div>\r\n                <\/div>\r\n                    <\/div>\r\n\r\n        <div class=\"slider-navigation\">\r\n            <button class=\"prev\"><\/button>\r\n            <div class=\"items\">\r\n                                    <button class=\"item\" data-index=\"0\"><\/button>\r\n                                    <button class=\"item\" data-index=\"1\"><\/button>\r\n                                    <button class=\"item\" data-index=\"2\"><\/button>\r\n                                    <button class=\"item\" data-index=\"3\"><\/button>\r\n                            <\/div>\r\n            <button class=\"next\"><\/button>\r\n        <\/div>\r\n    \r\n    <\/div>\r\n    \r\n<\/section>\r\n\r\n\n\n\r\n<section id=\"ac-block_377522ed318c61a1341a70abc316048a\" class=\"block-spacing spacing-140 background-\">\r\n    <\/section>\r\n\n\n\r\n<section id=\"ac-block_16dc4090f140bc1f391a3199dcd8e109\" class=\"block-keys-data\">\r\n\r\n    <div class=\"container\">\r\n\r\n                    <div class=\"title-container title-bar-style\">\r\n                <h2 class=\"title\">Nous collectons des fonds pour financer la recherche fondamentale et appliqu\u00e9e sur la myopathie de Duchenne et les maladies g\u00e9n\u00e9tiques.\r\n<\/h2>\r\n            <\/div>\r\n        \r\n                    <div class=\"items-container\">\r\n                <div class=\"items\">\r\n                                            <div class=\"item\">\r\n                            <h3 class=\"title\"><span>24<\/span> ans d&rsquo;existence<\/h3>\r\n                        <\/div>\r\n                                            <div class=\"item\">\r\n                            <h3 class=\"title\"><span>129<\/span> millions d&rsquo;euros collect\u00e9s\u00a0<\/h3>\r\n                        <\/div>\r\n                                            <div class=\"item\">\r\n                            <h3 class=\"title\"><span>50+<\/span> chercheurs\u00b7euses financ\u00e9\u00b7es<\/h3>\r\n                        <\/div>\r\n                                            <div class=\"item\">\r\n                            <h3 class=\"title\"><span>2<\/span> biotechs cr\u00e9\u00e9es\u202f<\/h3>\r\n                        <\/div>\r\n                                    <\/div>\r\n            <\/div>\r\n            \r\n    <\/div>\r\n    \r\n<\/section>\r\n\n\n\r\n<section id=\"ac-block_377522ed318c61a1341a70abc316048a\" class=\"block-spacing spacing-140 background-\">\r\n    <\/section>\r\n\n\n\r\n<section id=\"ac-block_c82344deafe1293f613c9098f1441d86\" class=\"block-highlight background-orange-yellow\">\r\n\r\n    <div class=\"container\">\r\n        <div class=\"contents\">\r\n                            <h2 class=\"title\">Notre mission<\/h2>\r\n                \r\n            <p>Notre objectif est d&rsquo;acc\u00e9l\u00e9rer la recherche sur une th\u00e9rapie pour la myopathie de Duchenne et de faire tout notre possible pour faire avancer la recherche sur les maladies neuromusculaires et g\u00e9n\u00e9tiques et pour all\u00e9ger les souffrances qu\u2019elles entra\u00eenent. \r\n<\/p>\r\n    \r\n            <a href=\"https:\/\/onlyproject.org\/fr\/notre-mission\/\" class=\"button-on-color button\" target=\"\">En savoir plus<\/a>        <\/div>\r\n        \r\n    <\/div>\r\n    \r\n<\/section>\r\n\n\n\r\n<section id=\"ac-block_3d3e61861d48ce70c8da15ec562f9375\" class=\"block-spacing spacing-160 background-blanc\">\r\n    <\/section>\r\n\n\n\r\n<section id=\"ac-block_733933d130d4571b71575afdf8c650bd\" class=\"block-images-text\">\r\n\r\n    <div class=\"container\">\r\n        \r\n            <div class=\"gallery-column\">\r\n\r\n                <div class=\"column\">\r\n\r\n                    <div class=\"image\">\r\n                        <img decoding=\"async\" src=\"https:\/\/onlyproject.org\/wp-content\/uploads\/2023\/06\/projects-1.jpg\" alt=\"\" >                    <\/div>\r\n\r\n                                        \r\n                <\/div>\r\n                \r\n                \r\n                                    <div class=\"column\">\r\n\r\n                                                    \r\n                            <div class=\"image\">\r\n                                <img decoding=\"async\" src=\"https:\/\/onlyproject.org\/wp-content\/uploads\/2023\/06\/projects-2.jpg\" alt=\"\" >                            <\/div>\r\n                            \r\n                                                    \r\n                            <div class=\"image\">\r\n                                <img decoding=\"async\" src=\"https:\/\/onlyproject.org\/wp-content\/uploads\/2023\/06\/projects-3.jpg\" alt=\"\" >                            <\/div>\r\n                            \r\n                        \r\n                    <\/div>\r\n                \r\n            <\/div>\r\n        \r\n        \r\n        <div class=\"contents-column title-bar-style\">\r\n\r\n                            <h2 class=\"title\"><p>Depuis <em>plus de 20 ans<\/em>, nous soutenons des chercheurs dans le monde entier.<\/p>\n<\/h2>\r\n            \r\n                            <p>Nous soutenons la recherche m\u00e9dicale et scientifique visant \u00e0 trouver des traitements et des m\u00e9dicaments efficaces pour les maladies neuromusculaires, en particulier pour la myopathie de Duchenne.<\/p>\r\n                        \r\n            <a href=\"https:\/\/onlyproject.org\/fr\/projets-communaute\/\" class=\" button\" target=\"\">En savoir plus sur les projets soutenus<\/a>\r\n        <\/div>\r\n\r\n        \r\n    <\/div>\r\n    \r\n<\/section>\r\n\n\n\r\n<section id=\"ac-block_3d3e61861d48ce70c8da15ec562f9375\" class=\"block-spacing spacing-160 background-blanc\">\r\n    <\/section>\r\n\n\n\r\n<section id=\"ac-block_991b46a0b8ca0478477502f3d7932b9a\" class=\"block-spacing spacing-160 background-emeraude\">\r\n    <\/section>\r\n\n\n\r\n<section id=\"ac-block_49053f5b8153d7b04a87147d010d6dbf\" class=\"block-news-list\">\r\n\r\n    <div class=\"container\">\r\n        \r\n        <div class=\"title-column title-bar-style\">\r\n\r\n                            <h2 class=\"title\"><p>Quelques faits marquants r\u00e9cents<\/p>\n<\/h2>\r\n            \r\n                            <p>Nous pr\u00e9sentons ici nos nouvelles avanc\u00e9es, les \u00e9v\u00e9nements \u00e0 venir ou nos derni\u00e8res recherches.<\/p>\r\n                        \r\n            <a href=\"https:\/\/onlyproject.org\/fr\/actualites\/\" class=\"button-on-color button\" target=\"\">D\u00e9couvrez les derni\u00e8res informations<\/a>\r\n        <\/div>\r\n\r\n        <div class=\"news-column\">\r\n                            \r\n                <div class=\"news-list\">\r\n\r\n                                            \r\n                    <article class=\"item news-list-item item-highlight\">\r\n\r\n                        <div class=\"image\">\r\n                            <div class=\"image-inner\">\r\n                                <a href=\"https:\/\/onlyproject.org\/fr\/rapport-annuel-et-comptes-certifies-2024\/\"><img loading=\"lazy\" decoding=\"async\" width=\"1400\" height=\"873\" src=\"https:\/\/onlyproject.org\/wp-content\/uploads\/2025\/05\/Design-sans-titre-2.png\" class=\"attachment-full size-full wp-post-image\" alt=\"\" srcset=\"https:\/\/onlyproject.org\/wp-content\/uploads\/2025\/05\/Design-sans-titre-2.png 1400w, https:\/\/onlyproject.org\/wp-content\/uploads\/2025\/05\/Design-sans-titre-2-300x187.png 300w, https:\/\/onlyproject.org\/wp-content\/uploads\/2025\/05\/Design-sans-titre-2-1024x639.png 1024w, https:\/\/onlyproject.org\/wp-content\/uploads\/2025\/05\/Design-sans-titre-2-768x479.png 768w\" sizes=\"auto, (max-width: 1400px) 100vw, 1400px\" \/><\/a>\r\n                            <\/div>\r\n                        <\/div>\r\n\r\n                        <p class=\"date\">24 mai 2025<\/p>\r\n\r\n                        <h3 class=\"title\">Rapport annuel et comptes certifi\u00e9s 2024<\/h3>\r\n\r\n                        <p class=\"excerpt\">L\u2019ann\u00e9e 2024 a marqu\u00e9 un tournant pour l\u2019AMM-Only Project :\u00a0poursuite de l&rsquo;essai clinique sur le candidat-m\u00e9dicament SQY51 par la biotech SQY Therapeutics co-fond\u00e9e et financ\u00e9e par l&rsquo;association, une gouvernance renforc\u00e9e, un nouveau fonds de dotation&#8230;<\/p>\r\n\r\n                        <a href=\"https:\/\/onlyproject.org\/fr\/rapport-annuel-et-comptes-certifies-2024\/\" class=\"button button-on-color\">En savoir plus<\/a>\r\n                        \r\n\r\n                    <\/article>\r\n                    \r\n                                            \r\n                    <article class=\"item news-list-item \">\r\n\r\n                        <div class=\"image\">\r\n                            <div class=\"image-inner\">\r\n                                <a href=\"https:\/\/onlyproject.org\/fr\/rapports-daudits-sur-les-exercices-2023-2022-2021\/\"><img loading=\"lazy\" decoding=\"async\" width=\"1920\" height=\"1080\" src=\"https:\/\/onlyproject.org\/wp-content\/uploads\/2024\/03\/Logo-AMM.png\" class=\"attachment-full size-full wp-post-image\" alt=\"\" srcset=\"https:\/\/onlyproject.org\/wp-content\/uploads\/2024\/03\/Logo-AMM.png 1920w, https:\/\/onlyproject.org\/wp-content\/uploads\/2024\/03\/Logo-AMM-300x169.png 300w, https:\/\/onlyproject.org\/wp-content\/uploads\/2024\/03\/Logo-AMM-1024x576.png 1024w, https:\/\/onlyproject.org\/wp-content\/uploads\/2024\/03\/Logo-AMM-768x432.png 768w, https:\/\/onlyproject.org\/wp-content\/uploads\/2024\/03\/Logo-AMM-1536x864.png 1536w\" sizes=\"auto, (max-width: 1920px) 100vw, 1920px\" \/><\/a>\r\n                            <\/div>\r\n                        <\/div>\r\n\r\n                        <p class=\"date\">18 mars 2024<\/p>\r\n\r\n                        <h3 class=\"title\">Rapports d\u2019audits sur les exercices 2023, 2022, 2021<\/h3>\r\n\r\n                        <p class=\"excerpt\">Cr\u00e9\u00e9e en 2001 et essentiellement constitu\u00e9e de parents d\u2019enfants malades, l\u2019AMM contribue \u00e0 acc\u00e9l\u00e9rer la recherche sur la myopathie de Duchenne, qui affecte 1 gar\u00e7on sur 3 500 et qui aboutit \u00e0 un affaiblissement progressif&#8230;<\/p>\r\n\r\n                        <a href=\"https:\/\/onlyproject.org\/fr\/rapports-daudits-sur-les-exercices-2023-2022-2021\/\" class=\"button button-on-color\">En savoir plus<\/a>\r\n                        \r\n\r\n                    <\/article>\r\n                    \r\n                                            \r\n                    <article class=\"item news-list-item \">\r\n\r\n                        <div class=\"image\">\r\n                            <div class=\"image-inner\">\r\n                                <a href=\"https:\/\/onlyproject.org\/fr\/le-only-project-cest-quoi\/\"><img loading=\"lazy\" decoding=\"async\" width=\"1600\" height=\"1036\" src=\"https:\/\/onlyproject.org\/wp-content\/uploads\/2023\/06\/PLACEHOLDER-ONLY-PROJECT.jpg\" class=\"attachment-full size-full wp-post-image\" alt=\"\" srcset=\"https:\/\/onlyproject.org\/wp-content\/uploads\/2023\/06\/PLACEHOLDER-ONLY-PROJECT.jpg 1600w, https:\/\/onlyproject.org\/wp-content\/uploads\/2023\/06\/PLACEHOLDER-ONLY-PROJECT-300x194.jpg 300w, https:\/\/onlyproject.org\/wp-content\/uploads\/2023\/06\/PLACEHOLDER-ONLY-PROJECT-1024x663.jpg 1024w, https:\/\/onlyproject.org\/wp-content\/uploads\/2023\/06\/PLACEHOLDER-ONLY-PROJECT-768x497.jpg 768w, https:\/\/onlyproject.org\/wp-content\/uploads\/2023\/06\/PLACEHOLDER-ONLY-PROJECT-1536x995.jpg 1536w\" sizes=\"auto, (max-width: 1600px) 100vw, 1600px\" \/><\/a>\r\n                            <\/div>\r\n                        <\/div>\r\n\r\n                        <p class=\"date\">28 juin 2023<\/p>\r\n\r\n                        <h3 class=\"title\">Le \u201cOnly Project\u201d, c\u2019est quoi ?<\/h3>\r\n\r\n                        <p class=\"excerpt\"><\/p>\r\n\r\n                        <a href=\"https:\/\/onlyproject.org\/fr\/le-only-project-cest-quoi\/\" class=\"button button-on-color\">En savoir plus<\/a>\r\n                        \r\n\r\n                    <\/article>\r\n                    \r\n                                            \r\n                    <article class=\"item news-list-item \">\r\n\r\n                        <div class=\"image\">\r\n                            <div class=\"image-inner\">\r\n                                <a href=\"https:\/\/onlyproject.org\/fr\/beginning-of-a-phase-1-clinical-trial-what-to-expect\/\"><img loading=\"lazy\" decoding=\"async\" width=\"1400\" height=\"788\" src=\"https:\/\/onlyproject.org\/wp-content\/uploads\/2023\/06\/only-watch-only-foundation-1.jpg\" class=\"attachment-full size-full wp-post-image\" alt=\"\" srcset=\"https:\/\/onlyproject.org\/wp-content\/uploads\/2023\/06\/only-watch-only-foundation-1.jpg 1400w, https:\/\/onlyproject.org\/wp-content\/uploads\/2023\/06\/only-watch-only-foundation-1-300x169.jpg 300w, https:\/\/onlyproject.org\/wp-content\/uploads\/2023\/06\/only-watch-only-foundation-1-1024x576.jpg 1024w, https:\/\/onlyproject.org\/wp-content\/uploads\/2023\/06\/only-watch-only-foundation-1-768x432.jpg 768w\" sizes=\"auto, (max-width: 1400px) 100vw, 1400px\" \/><\/a>\r\n                            <\/div>\r\n                        <\/div>\r\n\r\n                        <p class=\"date\">15 juin 2023<\/p>\r\n\r\n                        <h3 class=\"title\">D\u00e9but de l&rsquo;essai clinique de phase 1 : \u00e0 quoi s&rsquo;attendre ?<\/h3>\r\n\r\n                        <p class=\"excerpt\"><\/p>\r\n\r\n                        <a href=\"https:\/\/onlyproject.org\/fr\/beginning-of-a-phase-1-clinical-trial-what-to-expect\/\" class=\"button button-on-color\">En savoir plus<\/a>\r\n                        \r\n\r\n                    <\/article>\r\n                    \r\n                                    <\/div>\r\n\r\n                    <\/div>\r\n\r\n        \r\n    <\/div>\r\n    \r\n<\/section>\r\n\n\n\r\n<section id=\"ac-block_991b46a0b8ca0478477502f3d7932b9a\" class=\"block-spacing spacing-160 background-emeraude\">\r\n    <\/section>\r\n","protected":false},"excerpt":{"rendered":"","protected":false},"author":1,"featured_media":0,"parent":0,"menu_order":0,"comment_status":"closed","ping_status":"closed","template":"","meta":{"_acf_changed":false,"footnotes":""},"class_list":["post-532","page","type-page","status-publish","hentry"],"acf":[],"yoast_head":"<!-- This site is optimized with the Yoast SEO plugin v27.3 - https:\/\/yoast.com\/product\/yoast-seo-wordpress\/ -->\n<title>ONLY Project<\/title>\n<meta name=\"description\" content=\"Our goal is to accelerate research on a therapy for Duchenne muscular dystrophy and do everything we can to advance research on neuromuscular and genetic diseases and to alleviate suffering linked to these conditions.\" \/>\n<meta name=\"robots\" content=\"index, follow, max-snippet:-1, max-image-preview:large, max-video-preview:-1\" \/>\n<link rel=\"canonical\" href=\"https:\/\/onlyproject.org\/fr\/\" \/>\n<meta property=\"og:locale\" content=\"fr_FR\" \/>\n<meta property=\"og:type\" content=\"article\" \/>\n<meta property=\"og:title\" content=\"ONLY Project\" \/>\n<meta property=\"og:description\" content=\"Our goal is to accelerate research on a therapy for Duchenne muscular dystrophy and do everything we can to advance research on neuromuscular and genetic diseases and to alleviate suffering linked to these conditions.\" \/>\n<meta property=\"og:url\" content=\"https:\/\/onlyproject.org\/fr\/\" \/>\n<meta property=\"og:site_name\" content=\"ONLY Project\" \/>\n<meta property=\"article:modified_time\" content=\"2025-05-24T02:46:17+00:00\" \/>\n<meta name=\"twitter:card\" content=\"summary_large_image\" \/>\n<script type=\"application\/ld+json\" class=\"yoast-schema-graph\">{\"@context\":\"https:\\\/\\\/schema.org\",\"@graph\":[{\"@type\":\"WebPage\",\"@id\":\"https:\\\/\\\/onlyproject.org\\\/fr\\\/\",\"url\":\"https:\\\/\\\/onlyproject.org\\\/fr\\\/\",\"name\":\"ONLY Project\",\"isPartOf\":{\"@id\":\"https:\\\/\\\/onlyproject.org\\\/#website\"},\"datePublished\":\"2023-06-16T10:12:29+00:00\",\"dateModified\":\"2025-05-24T02:46:17+00:00\",\"description\":\"Our goal is to accelerate research on a therapy for Duchenne muscular dystrophy and do everything we can to advance research on neuromuscular and genetic diseases and to alleviate suffering linked to these conditions.\",\"breadcrumb\":{\"@id\":\"https:\\\/\\\/onlyproject.org\\\/fr\\\/#breadcrumb\"},\"inLanguage\":\"fr-FR\",\"potentialAction\":[{\"@type\":\"ReadAction\",\"target\":[\"https:\\\/\\\/onlyproject.org\\\/fr\\\/\"]}]},{\"@type\":\"BreadcrumbList\",\"@id\":\"https:\\\/\\\/onlyproject.org\\\/fr\\\/#breadcrumb\",\"itemListElement\":[{\"@type\":\"ListItem\",\"position\":1,\"name\":\"Accueil\",\"item\":\"https:\\\/\\\/onlyproject.org\\\/fr\\\/\"},{\"@type\":\"ListItem\",\"position\":2,\"name\":\"Accueil\"}]},{\"@type\":\"WebSite\",\"@id\":\"https:\\\/\\\/onlyproject.org\\\/#website\",\"url\":\"https:\\\/\\\/onlyproject.org\\\/\",\"name\":\"ONLY Project\",\"description\":\"\",\"publisher\":{\"@id\":\"https:\\\/\\\/onlyproject.org\\\/#organization\"},\"potentialAction\":[{\"@type\":\"SearchAction\",\"target\":{\"@type\":\"EntryPoint\",\"urlTemplate\":\"https:\\\/\\\/onlyproject.org\\\/?s={search_term_string}\"},\"query-input\":{\"@type\":\"PropertyValueSpecification\",\"valueRequired\":true,\"valueName\":\"search_term_string\"}}],\"inLanguage\":\"fr-FR\"},{\"@type\":\"Organization\",\"@id\":\"https:\\\/\\\/onlyproject.org\\\/#organization\",\"name\":\"ONLY Project\",\"url\":\"https:\\\/\\\/onlyproject.org\\\/\",\"logo\":{\"@type\":\"ImageObject\",\"inLanguage\":\"fr-FR\",\"@id\":\"https:\\\/\\\/onlyproject.org\\\/#\\\/schema\\\/logo\\\/image\\\/\",\"url\":\"https:\\\/\\\/onlyproject.org\\\/wp-content\\\/uploads\\\/2023\\\/06\\\/ONLY-PROJECT-COULEURS-RVB-VERTICAL.svg\",\"contentUrl\":\"https:\\\/\\\/onlyproject.org\\\/wp-content\\\/uploads\\\/2023\\\/06\\\/ONLY-PROJECT-COULEURS-RVB-VERTICAL.svg\",\"width\":1,\"height\":1,\"caption\":\"ONLY Project\"},\"image\":{\"@id\":\"https:\\\/\\\/onlyproject.org\\\/#\\\/schema\\\/logo\\\/image\\\/\"}}]}<\/script>\n<!-- \/ Yoast SEO plugin. -->","yoast_head_json":{"title":"ONLY Project","description":"Our goal is to accelerate research on a therapy for Duchenne muscular dystrophy and do everything we can to advance research on neuromuscular and genetic diseases and to alleviate suffering linked to these conditions.","robots":{"index":"index","follow":"follow","max-snippet":"max-snippet:-1","max-image-preview":"max-image-preview:large","max-video-preview":"max-video-preview:-1"},"canonical":"https:\/\/onlyproject.org\/fr\/","og_locale":"fr_FR","og_type":"article","og_title":"ONLY Project","og_description":"Our goal is to accelerate research on a therapy for Duchenne muscular dystrophy and do everything we can to advance research on neuromuscular and genetic diseases and to alleviate suffering linked to these conditions.","og_url":"https:\/\/onlyproject.org\/fr\/","og_site_name":"ONLY Project","article_modified_time":"2025-05-24T02:46:17+00:00","twitter_card":"summary_large_image","schema":{"@context":"https:\/\/schema.org","@graph":[{"@type":"WebPage","@id":"https:\/\/onlyproject.org\/fr\/","url":"https:\/\/onlyproject.org\/fr\/","name":"ONLY Project","isPartOf":{"@id":"https:\/\/onlyproject.org\/#website"},"datePublished":"2023-06-16T10:12:29+00:00","dateModified":"2025-05-24T02:46:17+00:00","description":"Our goal is to accelerate research on a therapy for Duchenne muscular dystrophy and do everything we can to advance research on neuromuscular and genetic diseases and to alleviate suffering linked to these conditions.","breadcrumb":{"@id":"https:\/\/onlyproject.org\/fr\/#breadcrumb"},"inLanguage":"fr-FR","potentialAction":[{"@type":"ReadAction","target":["https:\/\/onlyproject.org\/fr\/"]}]},{"@type":"BreadcrumbList","@id":"https:\/\/onlyproject.org\/fr\/#breadcrumb","itemListElement":[{"@type":"ListItem","position":1,"name":"Accueil","item":"https:\/\/onlyproject.org\/fr\/"},{"@type":"ListItem","position":2,"name":"Accueil"}]},{"@type":"WebSite","@id":"https:\/\/onlyproject.org\/#website","url":"https:\/\/onlyproject.org\/","name":"ONLY Project","description":"","publisher":{"@id":"https:\/\/onlyproject.org\/#organization"},"potentialAction":[{"@type":"SearchAction","target":{"@type":"EntryPoint","urlTemplate":"https:\/\/onlyproject.org\/?s={search_term_string}"},"query-input":{"@type":"PropertyValueSpecification","valueRequired":true,"valueName":"search_term_string"}}],"inLanguage":"fr-FR"},{"@type":"Organization","@id":"https:\/\/onlyproject.org\/#organization","name":"ONLY Project","url":"https:\/\/onlyproject.org\/","logo":{"@type":"ImageObject","inLanguage":"fr-FR","@id":"https:\/\/onlyproject.org\/#\/schema\/logo\/image\/","url":"https:\/\/onlyproject.org\/wp-content\/uploads\/2023\/06\/ONLY-PROJECT-COULEURS-RVB-VERTICAL.svg","contentUrl":"https:\/\/onlyproject.org\/wp-content\/uploads\/2023\/06\/ONLY-PROJECT-COULEURS-RVB-VERTICAL.svg","width":1,"height":1,"caption":"ONLY Project"},"image":{"@id":"https:\/\/onlyproject.org\/#\/schema\/logo\/image\/"}}]}},"_links":{"self":[{"href":"https:\/\/onlyproject.org\/fr\/wp-json\/wp\/v2\/pages\/532","targetHints":{"allow":["GET"]}}],"collection":[{"href":"https:\/\/onlyproject.org\/fr\/wp-json\/wp\/v2\/pages"}],"about":[{"href":"https:\/\/onlyproject.org\/fr\/wp-json\/wp\/v2\/types\/page"}],"author":[{"embeddable":true,"href":"https:\/\/onlyproject.org\/fr\/wp-json\/wp\/v2\/users\/1"}],"replies":[{"embeddable":true,"href":"https:\/\/onlyproject.org\/fr\/wp-json\/wp\/v2\/comments?post=532"}],"version-history":[{"count":28,"href":"https:\/\/onlyproject.org\/fr\/wp-json\/wp\/v2\/pages\/532\/revisions"}],"predecessor-version":[{"id":1493,"href":"https:\/\/onlyproject.org\/fr\/wp-json\/wp\/v2\/pages\/532\/revisions\/1493"}],"wp:attachment":[{"href":"https:\/\/onlyproject.org\/fr\/wp-json\/wp\/v2\/media?parent=532"}],"curies":[{"name":"wp","href":"https:\/\/api.w.org\/{rel}","templated":true}]}}